{"id":57,"date":"2015-08-11T20:33:39","date_gmt":"2015-08-11T19:33:39","guid":{"rendered":"http:\/\/ergomotion.ch\/?page_id=57"},"modified":"2016-12-06T08:13:38","modified_gmt":"2016-12-06T08:13:38","slug":"dienste","status":"publish","type":"page","link":"https:\/\/ergomotion.ch\/wordpress\/dienste\/","title":{"rendered":"Dienste"},"content":{"rendered":"<h3>Die Modulen von Ergomotion<\/h3>\n<p>Die Dienstleistungen von Ergomotion sind normalerweise in zwei Modulen aufgeteilt.<\/p>\n<ul type=\"DISC\">\n<li>Anthropometrie und Fusseinlagen: Dauer von ca. 2h e 30<\/li>\n<li>Anpassung Schuhplatten, Test, Anpassung Velo: Dauer von ca. 3h<\/li>\n<\/ul>\n<p>Auch die Durchf\u00fchrung von einer Phase ist m\u00f6glich.<\/p>\n<p><img loading=\"lazy\" class=\"alignnone wp-image-58 size-full\" src=\"http:\/\/ergomotion.ch\/wordpress\/wp-content\/uploads\/2015\/08\/services_flux_de.gif\" alt=\"services_flux_de\" width=\"419\" height=\"862\" \/><\/p>\n<h3>Herstellung von Fusseinlagen<\/h3>\n<p><img loading=\"lazy\" class=\"alignnone wp-image-29 size-full\" src=\"http:\/\/ergomotion.ch\/wordpress\/wp-content\/uploads\/2015\/08\/services_1_archsupport.jpg\" alt=\"services_1_archsupport\" width=\"446\" height=\"150\" srcset=\"https:\/\/ergomotion.ch\/wordpress\/wp-content\/uploads\/2015\/08\/services_1_archsupport.jpg 446w, https:\/\/ergomotion.ch\/wordpress\/wp-content\/uploads\/2015\/08\/services_1_archsupport-300x101.jpg 300w\" sizes=\"(max-width: 446px) 100vw, 446px\" \/><\/p>\n<p>Mit den F\u00fcsse wird die Kraft auf die Pedalen \u00fcbertragen. Eine falsche Lage kann zu St\u00f6rungen der Bewegung und der Gesundheit f\u00fchren. Die richtige Einstellung der Schuhplatten und die korrekte Aufst\u00fctzung garantieren eine naturelle Trittfrequenz.<\/p>\n<p>Mit PodOne und FootOne k\u00f6nnen wir eine individuelle Analyse der morphlogischen Eingenschaften durchf\u00fchren. Aus dieser Analyse k\u00f6nnen die Fusseinlagen hergestellt werden. Diese Fusseinlagen sind nach der Herstellung in der Schuhen gelegt und perfekt angepasst.<\/p>\n<h3>Anthropometrie<\/h3>\n<p>Mit dem AntropOne sind wir in der Lage, mit hoher Genauigkeit, die antropometrische Daten des Velofahrers zu messen. Diese Angaben entsprechen z.B. H\u00f6he, L\u00e4nge der einzelnen Glieder des K\u00f6rpers, sog. Koeffizient der Flexibilit\u00e4t. Mir einer Digitalkamera werden die Asymmetrien, die eine korrekte Position auf dem Sattel verhindern, indentifiziert.<\/p>\n<p><img loading=\"lazy\" class=\"alignnone wp-image-30 size-full\" src=\"http:\/\/ergomotion.ch\/wordpress\/wp-content\/uploads\/2015\/08\/services_2_anthropometry.jpg\" alt=\"services_2_anthropometry\" width=\"412\" height=\"150\" srcset=\"https:\/\/ergomotion.ch\/wordpress\/wp-content\/uploads\/2015\/08\/services_2_anthropometry.jpg 412w, https:\/\/ergomotion.ch\/wordpress\/wp-content\/uploads\/2015\/08\/services_2_anthropometry-300x109.jpg 300w\" sizes=\"(max-width: 412px) 100vw, 412px\" \/><\/p>\n<p>Die mit Hilfe der anthopometrischen Analyse gemessene Daten sind mit einem komplexen Software-Packet bearbeitet und die optimale Position wird bestimmt.<\/p>\n<p>Die Daten werden mit mit Hilfe von optischen Markierungen gemessen.<\/p>\n<h3>Dynamischer Test<\/h3>\n<p>Die Angaben aus der Anthropometrie werden beim dynamischen Test als Startpunkt benutzt. Es gibt zwei M\u00f6glichkeiten f\u00fcr einen solchen Test. Die erste M\u00f6glichkeit ist die Anwendung von DynaOne. Auf diesem Simulator werden Puls und abgegebene Leistung (Watt) gemessen. Die Position auf dem Sattel kann dynamisch ver\u00e4ndert werden. Ziel: die Lage finden, die ein minimales Verh\u00e4ltnis &#8220;Puls \/ Leistung&#8221; ergibt.<\/p>\n<p><img loading=\"lazy\" class=\"alignnone wp-image-31 size-full\" src=\"http:\/\/ergomotion.ch\/wordpress\/wp-content\/uploads\/2015\/08\/services_3_dynamictest.jpg\" alt=\"services_3_dynamictest\" width=\"476\" height=\"150\" srcset=\"https:\/\/ergomotion.ch\/wordpress\/wp-content\/uploads\/2015\/08\/services_3_dynamictest.jpg 476w, https:\/\/ergomotion.ch\/wordpress\/wp-content\/uploads\/2015\/08\/services_3_dynamictest-300x95.jpg 300w\" sizes=\"(max-width: 476px) 100vw, 476px\" \/><\/p>\n<p>Der zweite Test wird mit dem eigenen Velo durchgef\u00fchrt. Hier ist unsere Erfahrung eintscheidend: mit einer visuellen Beurteilung m\u00fcssen die ergonometrische Angaben verfeinert werden.<\/p>\n<h3>Regulierung der Schuhplatten<\/h3>\n<p>Mit dem ClipOne wird den optimalen Punkt des Stossprozess auf den Pedalen gefunden.<\/p>\n<p><img loading=\"lazy\" class=\"alignnone wp-image-33 size-full\" src=\"http:\/\/ergomotion.ch\/wordpress\/wp-content\/uploads\/2015\/08\/services_4_heels.jpg\" alt=\"services_4_heels\" width=\"318\" height=\"150\" srcset=\"https:\/\/ergomotion.ch\/wordpress\/wp-content\/uploads\/2015\/08\/services_4_heels.jpg 318w, https:\/\/ergomotion.ch\/wordpress\/wp-content\/uploads\/2015\/08\/services_4_heels-300x142.jpg 300w\" sizes=\"(max-width: 318px) 100vw, 318px\" \/><\/p>\n<p>Mit diesem Ger\u00e4t ist es bewiesen, dass die Anwendung der Fusseinlagen die optimale Kraftabgabe auf den Pedalen f\u00f6rdert und unn\u00fctzliche Spannungen und stabilisiert den R\u00fccken vermeidet.<\/p>\n<h3>Rahmenmessung<\/h3>\n<p>Mit dem ReportOne sind die Einstellungen wie die H\u00f6he des Sattels oder die Bestimmung der Gr\u00f6ssen des Rahmen einfach messbar. Die Genauigkeit liegt unter 1 mm. Mit Hilfe von diesem Ger\u00e4t sind einige Messungen m\u00f6glich, die sonst nicht oder schwierig messbar sind.<\/p>\n<p><img loading=\"lazy\" class=\"alignnone wp-image-34 size-full\" src=\"http:\/\/ergomotion.ch\/wordpress\/wp-content\/uploads\/2015\/08\/services_5_frame.jpg\" alt=\"services_5_frame\" width=\"113\" height=\"150\" \/><\/p>\n<p>Der ReportOne findet vor allem Einsatz bei der \u00dcbertragung der pers\u00f6nlichen ergonometrischen Daten.<\/p>\n<h3>Anpassung vom Velo<\/h3>\n<p>Die berechnete Daten werden auf dem Velo mit Hilfe von ReportOne \u00fcbertragen.<\/p>\n<p><img loading=\"lazy\" class=\"alignnone wp-image-35 size-full\" src=\"http:\/\/ergomotion.ch\/wordpress\/wp-content\/uploads\/2015\/08\/services_6_bicycle.jpg\" alt=\"services_6_bicycle\" width=\"428\" height=\"150\" srcset=\"https:\/\/ergomotion.ch\/wordpress\/wp-content\/uploads\/2015\/08\/services_6_bicycle.jpg 428w, https:\/\/ergomotion.ch\/wordpress\/wp-content\/uploads\/2015\/08\/services_6_bicycle-300x105.jpg 300w\" sizes=\"(max-width: 428px) 100vw, 428px\" \/><\/p>\n<p>Machmal sind weitere Massnahmen notweindig, z.B.:<\/p>\n<ul>\n<li>Anpassung der Dicke des Bandes auf dem Lenker<\/li>\n<li>Anpassung der Brensen sx und dx<\/li>\n<li>Spezifische Neigung des Sattels<\/li>\n<\/ul>\n<h3><\/h3>\n<h3>Lieferung von Material<\/h3>\n<p>Wir sind in der Lage Ihen die Informationen und die Beratung f\u00fcr alle Teile zu geben. Wir k\u00f6nnen auch verschiedene Artikeln von verschiedenen Firmen bestellen (Shimano, Campagnolo, Mavic und weitere).<\/p>\n<p>F\u00fcr den Bereich &#8220;Rahmen&#8221; sind wir in Kontakt mit fongenden Hersteller, die die Angaben von Ergomotion (pers\u00f6nliche Rahmen nach ergonometrische Messungen) exakt realisieren.<\/p>\n<p><a href=\"http:\/\/www.mbbike.it\/\" target=\"_blank\">Bertoletti Rahmen<\/a><\/p>\n<p><img loading=\"lazy\" class=\"alignnone wp-image-36 size-full\" src=\"http:\/\/ergomotion.ch\/wordpress\/wp-content\/uploads\/2015\/08\/services_bertoletti.jpg\" alt=\"services_bertoletti\" width=\"200\" height=\"150\" \/><\/p>\n<p>Personalisierte Rahmen und Velos<\/p>\n<p><img loading=\"lazy\" class=\"alignnone wp-image-37 size-full\" src=\"http:\/\/ergomotion.ch\/wordpress\/wp-content\/uploads\/2015\/08\/services_persframe.jpg\" alt=\"services_persframe\" width=\"217\" height=\"150\" \/> <img loading=\"lazy\" class=\"alignnone wp-image-38 size-full\" src=\"http:\/\/ergomotion.ch\/wordpress\/wp-content\/uploads\/2015\/08\/services_persbike.jpg\" alt=\"services_persbike\" width=\"200\" height=\"150\" \/><\/p>\n<p>&nbsp;<\/p>\n","protected":false},"excerpt":{"rendered":"<p>Die Modulen von Ergomotion Die Dienstleistungen von Ergomotion sind normalerweise in zwei Modulen aufgeteilt. Anthropometrie und Fusseinlagen: Dauer von ca. 2h e 30 Anpassung Schuhplatten, Test, Anpassung Velo: Dauer von ca. 3h Auch die Durchf\u00fchrung von einer Phase ist m\u00f6glich. Herstellung von Fusseinlagen Mit den F\u00fcsse wird die Kraft auf die Pedalen \u00fcbertragen. Eine falsche &hellip; <a href=\"https:\/\/ergomotion.ch\/wordpress\/dienste\/\" class=\"more-link\">Continue reading <span class=\"screen-reader-text\">Dienste<\/span><\/a><\/p>\n","protected":false},"author":1,"featured_media":0,"parent":0,"menu_order":0,"comment_status":"closed","ping_status":"closed","template":"","meta":[],"_links":{"self":[{"href":"https:\/\/ergomotion.ch\/wordpress\/wp-json\/wp\/v2\/pages\/57"}],"collection":[{"href":"https:\/\/ergomotion.ch\/wordpress\/wp-json\/wp\/v2\/pages"}],"about":[{"href":"https:\/\/ergomotion.ch\/wordpress\/wp-json\/wp\/v2\/types\/page"}],"author":[{"embeddable":true,"href":"https:\/\/ergomotion.ch\/wordpress\/wp-json\/wp\/v2\/users\/1"}],"replies":[{"embeddable":true,"href":"https:\/\/ergomotion.ch\/wordpress\/wp-json\/wp\/v2\/comments?post=57"}],"version-history":[{"count":2,"href":"https:\/\/ergomotion.ch\/wordpress\/wp-json\/wp\/v2\/pages\/57\/revisions"}],"predecessor-version":[{"id":289,"href":"https:\/\/ergomotion.ch\/wordpress\/wp-json\/wp\/v2\/pages\/57\/revisions\/289"}],"wp:attachment":[{"href":"https:\/\/ergomotion.ch\/wordpress\/wp-json\/wp\/v2\/media?parent=57"}],"curies":[{"name":"wp","href":"https:\/\/api.w.org\/{rel}","templated":true}]}}