{"id":18,"date":"2015-08-11T18:11:25","date_gmt":"2015-08-11T17:11:25","guid":{"rendered":"http:\/\/ergomotion.ch\/?page_id=18"},"modified":"2016-12-06T08:14:13","modified_gmt":"2016-12-06T08:14:13","slug":"einleitung","status":"publish","type":"page","link":"https:\/\/ergomotion.ch\/wordpress\/einleitung\/","title":{"rendered":"Einleitung"},"content":{"rendered":"<h3>Ziele<\/h3>\n<p>Das Hauptziel ist die optimale Position des Radfahrers auf dem Sattel (Rennvelo oder Bike ist eigentlich egal) zu finden. F\u00fcr uns ist die &#8220;optimale Lage&#8221; die Position, die eine maximale sp\u00f6rtliche Leistung entspricht. Diese h\u00f6here Leistung ist das Resultat der Vermeidung von physiologische Bedingungen wie (k\u00f6rperliche) Asymmetrien und interne Spannungen.<\/p>\n<h3>Meine Person<\/h3>\n<p>Vor 17 Jahren bin ich in Kontakt mit der Welt der 2-R\u00e4der gekommen. Einige schlechte Erfahrungen auf dem Sattel haben meine Aufmerksamkeit auf Themen wie die Ergonometrie und die Biomechanik fokussiert. Endlich bin ich zu Ergomotion gekommen!<\/p>\n<p>Die Resultate, die ich aus diesem System bekommen habe, haben mich stimuliert, diese Erfahrung den anderen Radfahrer zu \u00fcbertragen. 2001 habe ich ein Gesch\u00e4ft f\u00fcr solchen Messungen er\u00f6ffnet, um die Suche nach der optimalen Position auf dem Sattel von Profis und nicht Profis zu f\u00f6rdern.<\/p>\n<p><img loading=\"lazy\" class=\"aligncenter wp-image-14 size-full\" src=\"http:\/\/ergomotion.ch\/wordpress\/wp-content\/uploads\/2015\/08\/intro_michio.jpg\" alt=\"intro_michio\" width=\"190\" height=\"250\" \/><\/p>\n","protected":false},"excerpt":{"rendered":"<p>Ziele Das Hauptziel ist die optimale Position des Radfahrers auf dem Sattel (Rennvelo oder Bike ist eigentlich egal) zu finden. F\u00fcr uns ist die &#8220;optimale Lage&#8221; die Position, die eine maximale sp\u00f6rtliche Leistung entspricht. Diese h\u00f6here Leistung ist das Resultat der Vermeidung von physiologische Bedingungen wie (k\u00f6rperliche) Asymmetrien und interne Spannungen. Meine Person Vor 17 &hellip; <a href=\"https:\/\/ergomotion.ch\/wordpress\/einleitung\/\" class=\"more-link\">Continue reading <span class=\"screen-reader-text\">Einleitung<\/span><\/a><\/p>\n","protected":false},"author":1,"featured_media":0,"parent":0,"menu_order":0,"comment_status":"closed","ping_status":"closed","template":"","meta":[],"_links":{"self":[{"href":"https:\/\/ergomotion.ch\/wordpress\/wp-json\/wp\/v2\/pages\/18"}],"collection":[{"href":"https:\/\/ergomotion.ch\/wordpress\/wp-json\/wp\/v2\/pages"}],"about":[{"href":"https:\/\/ergomotion.ch\/wordpress\/wp-json\/wp\/v2\/types\/page"}],"author":[{"embeddable":true,"href":"https:\/\/ergomotion.ch\/wordpress\/wp-json\/wp\/v2\/users\/1"}],"replies":[{"embeddable":true,"href":"https:\/\/ergomotion.ch\/wordpress\/wp-json\/wp\/v2\/comments?post=18"}],"version-history":[{"count":1,"href":"https:\/\/ergomotion.ch\/wordpress\/wp-json\/wp\/v2\/pages\/18\/revisions"}],"predecessor-version":[{"id":290,"href":"https:\/\/ergomotion.ch\/wordpress\/wp-json\/wp\/v2\/pages\/18\/revisions\/290"}],"wp:attachment":[{"href":"https:\/\/ergomotion.ch\/wordpress\/wp-json\/wp\/v2\/media?parent=18"}],"curies":[{"name":"wp","href":"https:\/\/api.w.org\/{rel}","templated":true}]}}