{"id":16,"date":"2015-08-11T18:09:25","date_gmt":"2015-08-11T17:09:25","guid":{"rendered":"http:\/\/ergomotion.ch\/?page_id=16"},"modified":"2016-12-06T08:16:34","modified_gmt":"2016-12-06T08:16:34","slug":"introduzione","status":"publish","type":"page","link":"https:\/\/ergomotion.ch\/wordpress\/introduzione\/","title":{"rendered":"Introduzione"},"content":{"rendered":"<h3>Scopi<\/h3>\n<p>Il nostro scopo primario \u00e8 di posizionare in modo ottimale il ciclista sulla bicicletta (da corsa o mountain bike). Per noi la posizione ottimale \u00e8 quella posizione in cui il ciclista ha la resa migliore proprio perch\u00e9 l&#8217;atto sportivo non \u00e8 disturbato e limitato da condizioni fisiologiche particolari quali per esempio asimmetrie corporee e tensioni interne. Il nostro scopo \u00e8 dunque di eliminare o controbilanciare queste condizioni particolari affinch\u00e9 il rendimento in bici sia massimo.<\/p>\n<h3>Chi sono<\/h3>\n<p>Circa 17 anni fa sono entrato in contatto col mondo delle due ruote come appassionato di biciclette. Viste alcune esperienze nelle competizioni poco piacevoli sulla sella (posizionamento sulla bicicletta) ho cominciato ad interessarmi all&#8217;ergonometria e alla biomeccanica venendo infine a contatto con i metodi di Ergomotion.<\/p>\n<p>I risultati ottenuti da questo sistema mi hanno stimolato a trasmettere questa esperienza ad altri ciclisti. Nel 2001 ho aperto uno studio dedicato a questo tipo di misurazioni personalizzate al fine di favorire la ricerca della posizione corretta sulla bicicletta di professionisti e non.<\/p>\n<p><img loading=\"lazy\" class=\"aligncenter wp-image-14 size-full\" src=\"http:\/\/ergomotion.ch\/wordpress\/wp-content\/uploads\/2015\/08\/intro_michio.jpg\" alt=\"intro_michio\" width=\"190\" height=\"250\" \/><\/p>\n","protected":false},"excerpt":{"rendered":"<p>Scopi Il nostro scopo primario \u00e8 di posizionare in modo ottimale il ciclista sulla bicicletta (da corsa o mountain bike). Per noi la posizione ottimale \u00e8 quella posizione in cui il ciclista ha la resa migliore proprio perch\u00e9 l&#8217;atto sportivo non \u00e8 disturbato e limitato da condizioni fisiologiche particolari quali per esempio asimmetrie corporee e &hellip; <a href=\"https:\/\/ergomotion.ch\/wordpress\/introduzione\/\" class=\"more-link\">Continue reading <span class=\"screen-reader-text\">Introduzione<\/span><\/a><\/p>\n","protected":false},"author":1,"featured_media":0,"parent":0,"menu_order":0,"comment_status":"closed","ping_status":"closed","template":"","meta":[],"_links":{"self":[{"href":"https:\/\/ergomotion.ch\/wordpress\/wp-json\/wp\/v2\/pages\/16"}],"collection":[{"href":"https:\/\/ergomotion.ch\/wordpress\/wp-json\/wp\/v2\/pages"}],"about":[{"href":"https:\/\/ergomotion.ch\/wordpress\/wp-json\/wp\/v2\/types\/page"}],"author":[{"embeddable":true,"href":"https:\/\/ergomotion.ch\/wordpress\/wp-json\/wp\/v2\/users\/1"}],"replies":[{"embeddable":true,"href":"https:\/\/ergomotion.ch\/wordpress\/wp-json\/wp\/v2\/comments?post=16"}],"version-history":[{"count":1,"href":"https:\/\/ergomotion.ch\/wordpress\/wp-json\/wp\/v2\/pages\/16\/revisions"}],"predecessor-version":[{"id":296,"href":"https:\/\/ergomotion.ch\/wordpress\/wp-json\/wp\/v2\/pages\/16\/revisions\/296"}],"wp:attachment":[{"href":"https:\/\/ergomotion.ch\/wordpress\/wp-json\/wp\/v2\/media?parent=16"}],"curies":[{"name":"wp","href":"https:\/\/api.w.org\/{rel}","templated":true}]}}