{"id":107,"date":"2015-08-11T21:35:08","date_gmt":"2015-08-11T20:35:08","guid":{"rendered":"http:\/\/ergomotion.ch\/?page_id=107"},"modified":"2016-12-06T08:14:43","modified_gmt":"2016-12-06T08:14:43","slug":"faq-de","status":"publish","type":"page","link":"https:\/\/ergomotion.ch\/wordpress\/faq-de\/","title":{"rendered":"FAQ (DE)"},"content":{"rendered":"<h3>Wieso sind der Fuss und seine Lage so wichtig beim Radfahren.<\/h3>\n<p>Die Position des Radfahrers ist von den Kontaktstellen mit dem Velo bestimmt: Sattel, Pedale und Lenker. Somit sind die F\u00fcsse ein bestimmender Faktor f\u00fcr die Lage auf dem Velo. Der Fuss ist auch f\u00fcr den Stossprozess besonders wichtig.<\/p>\n<h3>Wieso sind die plantari wichtig.<\/h3>\n<p>Der Fuss ist ein besonders wichtiger Faktor beim Radfahren. Die Fusseinlagen besitzen zwei zentrale Eigenschaften: einerseits korrigieren sie die &#8220;Missbildungen&#8221; des Fusses, die eine schlechte Position auf dem Sattel verursachen; andererseits \u00fcbertragen sie die Kraft ohne weitere Dispersionen. Zusammenfassend:<\/p>\n<ul type=\"DISC\">\n<li>Korrektur der Missbildungen des Fusses und Vermeidung der Dispersion der Kraft (s. Abbildung);<\/li>\n<li>Die Asymmetrien werden korrigiert. L\u00e4stliche St\u00f6rungen und Spannungen k\u00f6nnen somit vermeidet werden.<\/li>\n<\/ul>\n<p><img loading=\"lazy\" class=\"alignnone wp-image-103 size-full\" src=\"http:\/\/ergomotion.ch\/wordpress\/wp-content\/uploads\/2015\/08\/faq_foot.jpg\" alt=\"faq_foot\" width=\"456\" height=\"314\" srcset=\"https:\/\/ergomotion.ch\/wordpress\/wp-content\/uploads\/2015\/08\/faq_foot.jpg 456w, https:\/\/ergomotion.ch\/wordpress\/wp-content\/uploads\/2015\/08\/faq_foot-300x207.jpg 300w\" sizes=\"(max-width: 456px) 100vw, 456px\" \/><\/p>\n","protected":false},"excerpt":{"rendered":"<p>Wieso sind der Fuss und seine Lage so wichtig beim Radfahren. Die Position des Radfahrers ist von den Kontaktstellen mit dem Velo bestimmt: Sattel, Pedale und Lenker. Somit sind die F\u00fcsse ein bestimmender Faktor f\u00fcr die Lage auf dem Velo. Der Fuss ist auch f\u00fcr den Stossprozess besonders wichtig. Wieso sind die plantari wichtig. Der &hellip; <a href=\"https:\/\/ergomotion.ch\/wordpress\/faq-de\/\" class=\"more-link\">Continue reading <span class=\"screen-reader-text\">FAQ (DE)<\/span><\/a><\/p>\n","protected":false},"author":1,"featured_media":0,"parent":0,"menu_order":0,"comment_status":"closed","ping_status":"closed","template":"","meta":[],"_links":{"self":[{"href":"https:\/\/ergomotion.ch\/wordpress\/wp-json\/wp\/v2\/pages\/107"}],"collection":[{"href":"https:\/\/ergomotion.ch\/wordpress\/wp-json\/wp\/v2\/pages"}],"about":[{"href":"https:\/\/ergomotion.ch\/wordpress\/wp-json\/wp\/v2\/types\/page"}],"author":[{"embeddable":true,"href":"https:\/\/ergomotion.ch\/wordpress\/wp-json\/wp\/v2\/users\/1"}],"replies":[{"embeddable":true,"href":"https:\/\/ergomotion.ch\/wordpress\/wp-json\/wp\/v2\/comments?post=107"}],"version-history":[{"count":1,"href":"https:\/\/ergomotion.ch\/wordpress\/wp-json\/wp\/v2\/pages\/107\/revisions"}],"predecessor-version":[{"id":291,"href":"https:\/\/ergomotion.ch\/wordpress\/wp-json\/wp\/v2\/pages\/107\/revisions\/291"}],"wp:attachment":[{"href":"https:\/\/ergomotion.ch\/wordpress\/wp-json\/wp\/v2\/media?parent=107"}],"curies":[{"name":"wp","href":"https:\/\/api.w.org\/{rel}","templated":true}]}}